{"id":578,"date":"2024-09-25T12:55:59","date_gmt":"2024-09-25T12:55:59","guid":{"rendered":"https:\/\/dokprod.com\/dokprod\/"},"modified":"2026-04-16T13:37:22","modified_gmt":"2026-04-16T13:37:22","slug":"dokprod","status":"publish","type":"page","link":"https:\/\/dokprod.com\/de\/","title":{"rendered":"DOKPROD"},"content":{"rendered":"\n<h2 class=\"wp-block-heading\">EINE IDEE NACHGEHEN, GESCHICHTEN ENTWICKELN<\/h2>\n\n\n\n<h2 class=\"wp-block-heading\">QUELLEN SUCHEN, ORTE UND AKTEURE FINDEN<\/h2>\n\n\n\n<h2 class=\"wp-block-heading\">BEGEGNUNGEN UND ZUG\u00c4NGE ERLEICHTERN<\/h2>\n\n\n\n<h2 class=\"wp-block-heading\">DIE DOKUMENTAR-FILMPRODUKTION BEGLEITEN<\/h2>\n\n\n\n<h2 class=\"wp-block-heading\">Dok Prod unterst\u00fctzt Dokumentar-filmproduktionen in Frankreich und Deutschland bei der Suche nach Locations, Archivrecherchen, der Erledigung von Beh\u00f6rdeng\u00e4ngen, der Vorbereitung und dem Management der Dreharbeiten.<\/h2>\n\n\n\n<figure class=\"wp-block-image alignleft\"><img decoding=\"async\" src=\"https:\/\/dokprod.com\/wp-content\/uploads\/2024\/10\/bouquiniste.png\" alt=\"\"><\/figure>\n\n\n\n<p><\/p>\n\n\n\n<h4 class=\"wp-block-heading\">&nbsp;<\/h4>\n\n\n\n<h3 class=\"wp-block-heading\"><strong>Recherchen<\/strong><\/h3>\n\n\n\n<p>Recherchen zu Orten, Protagonisten, Filmmaterial und Archivmaterial. Thematische Beobachtung im Internet und in sozialen Netzwerken. Scouting, Fotografische Aufnahmen.<\/p>\n\n\n\n<figure class=\"wp-block-image alignright is-resized\"><img decoding=\"async\" src=\"https:\/\/dokprod.com\/wp-content\/uploads\/2024\/10\/archive-1024x1024.png\" alt=\"\" style=\"width:320px;height:auto\"><\/figure>\n\n\n\n<p><\/p>\n\n\n\n<h4 class=\"wp-block-heading\">&nbsp;<\/h4>\n\n\n\n<h3 class=\"wp-block-heading\"><strong>Produktion<\/strong><\/h3>\n\n\n\n<p>Verwaltung von Genehmigungen, administrative Beziehungen zu Beh\u00f6rden. Suche nach Partnerschaften. \u00dcbersetzungen, Dolmetschen und Transkriptionen in Franz\u00f6sisch, Deutsch und Englisch.<\/p>\n\n\n\n<figure class=\"wp-block-image alignleft is-resized\"><img decoding=\"async\" src=\"https:\/\/dokprod.com\/wp-content\/uploads\/2024\/10\/rhone-mediterranee.png\" alt=\"\" style=\"width:350px;height:auto\"><\/figure>\n\n\n\n<p><\/p>\n\n\n\n<h4 class=\"wp-block-heading\">&nbsp;<\/h4>\n\n\n\n<h3 class=\"wp-block-heading\"><strong>Regie<\/strong><\/h3>\n\n\n\n<p>Organisation von Dreharbeiten, Koordination von Teams, Suche nach lokalen Technikern. Fixer.<br>Fotografie auf Sets.<\/p>\n\n\n\n<h2 class=\"wp-block-heading\">&nbsp;<\/h2>\n\n\n\n<h2 class=\"wp-block-heading\">Sprachkenntnisse mit Produktionserfahrung verbinden.<\/h2>\n\n\n\n<p>Franz\u00f6sisch ist meine Muttersprache, Deutsch meine Adoptivsprache und Englisch meine internationale Sprache; zusammen mit meiner Beherrschung der digitalen Umgebung erm\u00f6glichen sie mir eine Leichtigkeit der Kommunikation und eine pr\u00e4zise Ausrichtung der Informationen.<\/p>\n\n\n\n<h3 class=\"wp-block-heading\"><strong>Meine Leistungen:<\/strong><\/h3>\n\n\n\n<p>Perlen finden: Recherchen online, in den Medien, in sozialen Netzwerken, in spezialisierten Portalen. Nach dem F\u00e4hrmann oder dem roten Faden suchen: Recherchen vor Ort, in audiovisuellen, institutionellen und regionalen Archiven.<\/p>\n\n\n\n<p>Vorbereitung des Terrains: Kontaktaufnahme mit den Beteiligten, den Beh\u00f6rden. Den R\u00fccken freihalten: Reperage im Orten, Verwaltung von Genehmigungen. Nichts dem Zufall \u00fcberlassen: Organisation von Dreharbeiten, Unterk\u00fcnften und Transportmitteln, Verwaltung der Teams und des Materials.<\/p>\n\n\n\n<p>Die Nuance erfassen: \u00dcbersetzen und Dolmetschen, Transkription von Interviews. Die richtigen Worte finden: Verfassen von Pressetexten und Inhalten f\u00fcr soziale Netzwerke.<\/p>\n\n\n\n<h3 class=\"wp-block-heading\"><strong>Aber auch:<br><\/strong>Netzwerk internationaler Produzenten, Autoren und Techniker f\u00fcr audiovisuelle Medien.<br>Expertise in den Bereichen Kunst, Natur und Umwelt, Mode und Literatur.<br>Bevorzugte Regionen in Frankreich: Paris, C\u00f4te d\u2019Azur und Mittelmeer, Alpen und Rh\u00f4ne-Tal, Okzitanien. In Deutschland: Berlin, Brandenburg, Hessen, Baden-W\u00fcrttemberg, Rheinland-Pfalz.<\/h3>\n\n\n\n<div class=\"wp-block-group alignfull has-global-padding is-layout-constrained wp-block-group-is-layout-constrained\" style=\"padding-top:var(--wp--preset--spacing--70);padding-bottom:var(--wp--preset--spacing--70)\">\n<div class=\"wp-block-group is-vertical is-content-justification-center is-layout-flex wp-container-core-group-is-layout-6329a8f3 wp-block-group-is-layout-flex\"><p class=\"has-text-align-center wp-block-site-title\"><a href=\"https:\/\/dokprod.com\/de\/\" target=\"_self\" rel=\"home\">dokprod<\/a><\/p>\n\n<p class=\"has-text-align-center wp-block-site-tagline\">elw@dokprod.com <\/p><\/div>\n\n\n\n<div style=\"height:0px\" aria-hidden=\"true\" class=\"wp-block-spacer\"><\/div>\n\n\n\n<p class=\"has-text-align-center has-small-font-size\">tel:+33 6 84 44 27 52\/+49 172 73 78 072<\/p>\n<\/div>\n","protected":false},"excerpt":{"rendered":"<p>EINE IDEE NACHGEHEN, GESCHICHTEN ENTWICKELN QUELLEN SUCHEN, ORTE UND AKTEURE FINDEN BEGEGNUNGEN UND ZUG\u00c4NGE ERLEICHTERN DIE DOKUMENTAR-FILMPRODUKTION BEGLEITEN Dok Prod unterst\u00fctzt Dokumentar-filmproduktionen in Frankreich und Deutschland bei der Suche nach Locations, Archivrecherchen, der Erledigung von Beh\u00f6rdeng\u00e4ngen, der Vorbereitung und dem Management der Dreharbeiten. &nbsp; Recherchen Recherchen zu Orten, Protagonisten, Filmmaterial und Archivmaterial. Thematische Beobachtung im [&hellip;]<\/p>\n","protected":false},"author":1,"featured_media":0,"parent":0,"menu_order":0,"comment_status":"closed","ping_status":"closed","template":"","meta":{"footnotes":""},"class_list":["post-578","page","type-page","status-publish","hentry"],"_links":{"self":[{"href":"https:\/\/dokprod.com\/de\/wp-json\/wp\/v2\/pages\/578","targetHints":{"allow":["GET"]}}],"collection":[{"href":"https:\/\/dokprod.com\/de\/wp-json\/wp\/v2\/pages"}],"about":[{"href":"https:\/\/dokprod.com\/de\/wp-json\/wp\/v2\/types\/page"}],"author":[{"embeddable":true,"href":"https:\/\/dokprod.com\/de\/wp-json\/wp\/v2\/users\/1"}],"replies":[{"embeddable":true,"href":"https:\/\/dokprod.com\/de\/wp-json\/wp\/v2\/comments?post=578"}],"version-history":[{"count":22,"href":"https:\/\/dokprod.com\/de\/wp-json\/wp\/v2\/pages\/578\/revisions"}],"predecessor-version":[{"id":802,"href":"https:\/\/dokprod.com\/de\/wp-json\/wp\/v2\/pages\/578\/revisions\/802"}],"wp:attachment":[{"href":"https:\/\/dokprod.com\/de\/wp-json\/wp\/v2\/media?parent=578"}],"curies":[{"name":"wp","href":"https:\/\/api.w.org\/{rel}","templated":true}]}}