{"id":580,"date":"2024-10-10T15:20:57","date_gmt":"2024-10-10T15:20:57","guid":{"rendered":"https:\/\/dokprod.com\/infos\/"},"modified":"2026-04-16T13:34:26","modified_gmt":"2026-04-16T13:34:26","slug":"infos","status":"publish","type":"page","link":"https:\/\/dokprod.com\/de\/infos\/","title":{"rendered":"Infos"},"content":{"rendered":"\n<h2 class=\"wp-block-heading\">In Produktion<\/h2>\n\n\n\n<p><strong>&#8222;Anna Seghers&#8220;<\/strong><br>Transit<br>Along Mekong Productions &#8211; Arte\/ARD, 2026<br><strong><em>Archivrecherchen, Location Scouting.<\/em><\/strong> <\/p>\n\n\n\n<h2 class=\"wp-block-heading\">Filmografie<\/h2>\n\n\n\n<p>&#8222;Exil&#8220;<br>Flucht vor Hitler<br>Schmidt &amp; Paetzel Fernsehen GmbH &#8211; Arte\/ARD, 2026<br><strong><em>Archivrecherchen, Rechteverhandlungen, Location Scouting, Produktionsleiterin Frankreich.<\/em><\/strong><\/p>\n\n\n\n<p>&#8222;Flucht in die Liebe&#8220;<br>Erich Maria Remarque &amp; Marlene Dietrich <br>Along Mekong Productions &#8211; Arte\/ARD 2025<br><strong><em>Archivrecherchen, Location Scouting, Produktionsleiterin Frankreich.<\/em><\/strong><br><br><strong>&#8222;Massif Central &#8211; Das gr\u00fcne Herz Frankreichs&#8220; <\/strong><br>Along Mekong Productions &#8211; Arte\/SWR 2025<br><strong><em>Produktionsbeauftragte, Transkriptionen, \u00dcbersetzungen<\/em><\/strong><\/p>\n\n\n\n<p><strong><br>&#8222;African Styles&#8220;<\/strong><br>Black Style Matters, <br>Along Mekong Prod. 2023, Arte\/RBB <br><strong><em>Co-Autorin. Themen- und Archivrecherchen, Drehbuchentwicklung, Postproduktion . <\/em>.<br><\/strong><\/p>\n\n\n\n<p><strong>&#8222;Die franz\u00f6sischen Alpen&#8220;<\/strong><br>Auf dem Route des Grandes Alpes<br>Along Mekong Prod., 2021, Arte\/SWR.<br><em><strong>Recherchen und Locationsuche, Produktionsleiterin, Transkriptionen, \u00dcbersetzungen.<\/strong><\/em><\/p>\n\n\n\n<p><strong>Christo et Jeanne Claude, <br>&#8222;The art of Wrapping&#8220; <\/strong><br>EstWest Productions, 2021, Arte\/ ZDF<br><em><strong>Produktionsleiterin Paris<\/strong><\/em> <br><br><strong>&#8222;Friedrich H\u00f6lderlin&#8220;<\/strong><br>Dichter sein. Unbedingt. <br>Along Mekong Prod., 2020, Arte\/SWR  <br><strong><em>Recherchen, Produktionsbeauftragte<\/em> <em>Frankreich.<\/em><br><\/strong><br><strong>&#8222;Die Rh\u00f4ne&#8220;<\/strong><br>Von den Schweizer Alpen bis zur Camargue<br>Along Mekong Prod., 2019, SWR<br><em><strong>Recherchen, Locationsuche, Produktionsleiterin, Co-Regisseurin<\/strong><\/em><br><br><strong>&#8222;Der Weg von Stevenson&#8220;<\/strong><br>Die sch\u00f6nsten Wanderungen Europas<br>Along Mekong Prod., 2013, Arte\/SWR<br><strong><em>Recherchen und Location scouting, Produktionsleiterin, \u00dcbersetzungen.<\/em> <\/strong><br><br><strong>&#8222;Marco Polo Reloaded&#8220;<\/strong> <br>Web-doku, 2011<br>Along Mekong Prod., Arte, MarcoPolo Reise<br><em><strong>Konzeption, Design und Co-Regie.<\/strong><\/em><\/p>\n\n\n\n<p><strong>&#8222;Die C\u00f4te d&#8217;Azur&#8220;,<\/strong><br>Die sch\u00f6nsten Str\u00e4nde der Welt<br>S\u00fcdWestRundfunk 2010, Arte\/SWR<br><em><strong>Location Scouting, Produktionsleiterin, \u00dcbersetzungen.<\/strong><\/em><br><br><strong>&#8222;Wrapped Reichstag&#8220;,<\/strong> <br><strong>Christo et Jeanne Claude,<\/strong><br>Der verh\u00fchlte Reichstag <br>EstWest Productions 1995, Arte, Canal+, ZDF<br><em><strong>Produktionsassistentin, \u00dcbersetzungen, Presse- und \u00d6ffentlichkeitsarbeit f\u00fcr Frankreich<\/strong><\/em><\/p>\n\n\n\n<p>*rohfilm<strong>Medienproduktion<\/strong><br><strong>&#8222;Bandoneon &#8211; von einem Instrument das auszog&#8220;<\/strong><br>1996, ARD, SR.<br><em><strong>Produktionsassistentin, \u00dcbersetzungen<\/strong><\/em><\/p>\n\n\n\n<h2 class=\"wp-block-heading\">Vitae<\/h2>\n\n\n\n<p><strong>Emmanuelle Lambert-Wagner,<\/strong><br>Geboren in Stra\u00dfburg, aufgewachsen an der C\u00f4te d&#8217;Azur, studierte ich Soziologie in Aix-en-Provence, Ethnologie in Stra\u00dfburg, lebte in Paris, New York, Athen und Berlin, bevor ich mich in Heidelberg niederlie\u00df, wo ich \u00fcber 20 Jahre verbrachte. Heute lebe ich zwischen Paris, Heidelberg und dem Rouergue (Occitanien).<\/p>\n\n\n\n<figure class=\"wp-block-image alignleft size-full\"><img loading=\"lazy\" decoding=\"async\" width=\"400\" height=\"300\" src=\"https:\/\/dokprod.com\/wp-content\/uploads\/2026\/04\/juin2023-2.jpg\" alt=\"\" class=\"wp-image-798\" srcset=\"https:\/\/dokprod.com\/wp-content\/uploads\/2026\/04\/juin2023-2.jpg 400w, https:\/\/dokprod.com\/wp-content\/uploads\/2026\/04\/juin2023-2-300x225.jpg 300w\" sizes=\"auto, (max-width: 400px) 100vw, 400px\" \/><\/figure>\n\n\n\n<p>Ich bin neugierig und Autodidaktin und habe in der Mode- und Designbranche gearbeitet, bevor ich freiberuflich als \u00dcbersetzerin und Web-Designerin t\u00e4tig wurde. Ich hatte das Gl\u00fcck, an zahlreichen Recherchereisen in verschiedene L\u00e4nder Asiens, Afrikas und Europas teilzunehmen, und konzentriere mich heute auf die Produktion von Dokumentarfilmen.<\/p>\n\n\n\n<p>Ich interessiere mich leidenschaftlich f\u00fcr historische Forschung und Kunstaktualit\u00e4t und bin generell an der Entwicklung gesellschaftlicher Trends interessiert. Ich schreibe Artikel und Geschichten und ich bin regelm\u00e4\u00dfig an der Ausarbeitung von Dokumentarfilmprojekten beteiligt.<\/p>\n\n\n\n<p><\/p>\n\n\n\n<div class=\"wp-block-group alignfull has-global-padding is-layout-constrained wp-block-group-is-layout-constrained\" style=\"padding-top:var(--wp--preset--spacing--70);padding-bottom:var(--wp--preset--spacing--70)\">\n<div class=\"wp-block-group is-vertical is-content-justification-center is-layout-flex wp-container-core-group-is-layout-6329a8f3 wp-block-group-is-layout-flex\"><p class=\"has-text-align-center wp-block-site-title\"><a href=\"https:\/\/dokprod.com\/de\/\" target=\"_self\" rel=\"home\">dokprod<\/a><\/p>\n\n<p class=\"has-text-align-center wp-block-site-tagline\">elw@dokprod.com <\/p><\/div>\n\n\n\n<div style=\"height:var(--wp--preset--spacing--20)\" aria-hidden=\"true\" class=\"wp-block-spacer\"><\/div>\n\n\n\n<p class=\"has-text-align-center has-small-font-size\">Tel: +33 6 84 44 27 52 \/ +49 172 73 78 072<\/p>\n<\/div>\n","protected":false},"excerpt":{"rendered":"<p>In Produktion &#8222;Anna Seghers&#8220;TransitAlong Mekong Productions &#8211; Arte\/ARD, 2026Archivrecherchen, Location Scouting. Filmografie &#8222;Exil&#8220;Flucht vor HitlerSchmidt &amp; Paetzel Fernsehen GmbH &#8211; Arte\/ARD, 2026Archivrecherchen, Rechteverhandlungen, Location Scouting, Produktionsleiterin Frankreich. &#8222;Flucht in die Liebe&#8220;Erich Maria Remarque &amp; Marlene Dietrich Along Mekong Productions &#8211; Arte\/ARD 2025Archivrecherchen, Location Scouting, Produktionsleiterin Frankreich. &#8222;Massif Central &#8211; Das gr\u00fcne Herz Frankreichs&#8220; Along Mekong [&hellip;]<\/p>\n","protected":false},"author":1,"featured_media":0,"parent":0,"menu_order":0,"comment_status":"closed","ping_status":"closed","template":"","meta":{"footnotes":""},"class_list":["post-580","page","type-page","status-publish","hentry"],"_links":{"self":[{"href":"https:\/\/dokprod.com\/de\/wp-json\/wp\/v2\/pages\/580","targetHints":{"allow":["GET"]}}],"collection":[{"href":"https:\/\/dokprod.com\/de\/wp-json\/wp\/v2\/pages"}],"about":[{"href":"https:\/\/dokprod.com\/de\/wp-json\/wp\/v2\/types\/page"}],"author":[{"embeddable":true,"href":"https:\/\/dokprod.com\/de\/wp-json\/wp\/v2\/users\/1"}],"replies":[{"embeddable":true,"href":"https:\/\/dokprod.com\/de\/wp-json\/wp\/v2\/comments?post=580"}],"version-history":[{"count":24,"href":"https:\/\/dokprod.com\/de\/wp-json\/wp\/v2\/pages\/580\/revisions"}],"predecessor-version":[{"id":801,"href":"https:\/\/dokprod.com\/de\/wp-json\/wp\/v2\/pages\/580\/revisions\/801"}],"wp:attachment":[{"href":"https:\/\/dokprod.com\/de\/wp-json\/wp\/v2\/media?parent=580"}],"curies":[{"name":"wp","href":"https:\/\/api.w.org\/{rel}","templated":true}]}}