{"id":582,"date":"2024-10-17T09:35:44","date_gmt":"2024-10-17T09:35:44","guid":{"rendered":"https:\/\/dokprod.com\/rechtliche-hinweise\/"},"modified":"2026-01-27T14:47:58","modified_gmt":"2026-01-27T14:47:58","slug":"rechtliche-hinweise","status":"publish","type":"page","link":"https:\/\/dokprod.com\/de\/rechtliche-hinweise\/","title":{"rendered":"Rechtliche Hinweise"},"content":{"rendered":"<section data-id=\"5dac406\" data-element_type=\"section\">\n<h3>Name<\/h3>\n<p>Diese Website ist Eigentum von:<\/p>\n<p>Emmanuelle Lambert-Wagner<br \/>Steubenstr. 44<br \/>69121 Heidelberg<\/p>\n<p>Mail: elw@pixel2point.com<br \/>Website: www.pixel2point.com<\/p>\n<h3>Urheberrecht :<\/h3>\n<p>Die gesamte Website (Bilder &#8211; Fotos und Videos, Texte, Sounds) unterliegt der deutschen und internationalen Gesetzgebung zum Urheberrecht und zum geistigen Eigentum. Aus diesem Grund sind ihre teilweisen oder vollst\u00e4ndigen Darstellungen, Vervielf\u00e4ltigungen, Verschachtelungen, Verbreitungen und Weiterverbreitungen gem\u00e4\u00df Artikel L. 122-4 des Gesetzes \u00fcber geistiges Eigentum untersagt. Alle Rechte an Text, Foto, Audio und Video sind vorbehalten und streng begrenzt. Die Vervielf\u00e4ltigung von Bildern, Videos und Ton ist ausdr\u00fccklich untersagt, es sei denn, die Parteien haben eine entsprechende Vereinbarung getroffen.<\/p>\n<p>Die Reproduktion und Darstellung der gesamten oder eines Teils der Website ohne ausdr\u00fcckliche Genehmigung von Pixel2Point stellt eine F\u00e4lschung im Sinne des Artikels L.335-2 des Gesetzes \u00fcber geistiges Eigentum dar und kann zivil- und strafrechtliche Folgen f\u00fcr den F\u00e4lscher haben.<\/p>\n<h3>Verwendung der gesammelten pers\u00f6nlichen Daten<\/h3>\n<h4>Statistiken und Messung des Publikums<\/h4>\n<p><strong>Google Analytics<br \/><\/strong><\/p>\n<p>Wir nutzen die Dienste von Google Analytics, die von Google Inc. verwaltet werden. (1600 Amphitheatre Parkway Mountain View, CA 94043, USA), um die Besucherzahlen unserer Seiten zu messen, die Fluktuation und das Verhalten der Nutzer auf unserer Seite zu analysieren, damit wir unser Publikum besser kennenlernen und unsere Angebote verbessern k\u00f6nnen. Wenn Sie nicht m\u00f6chten, dass Ihre Daten von Google Analytics gesammelt werden, k\u00f6nnen Sie deren Cookies deaktivieren, indem Sie auf den folgenden Link klicken: <a href=\"https:\/\/tools.google.com\/dlpage\/gaoptout?hl=fr\" target=\"_blank\" rel=\"noopener\">https:\/\/tools.google.com\/dlpage\/gaoptout?hl=fr<\/a><\/p>\n<p>Weitere Informationen \u00fcber die Datenschutzbestimmungen von Google Analytics: <a href=\"https:\/\/support.google.com\/analytics\/answer\/6004245?hl=fr\" target=\"_blank\" rel=\"noopener\">https:\/\/support.google.com\/analytics\/answer\/6004245?hl=fr<\/a><\/p>\n<h3>\u00dcbermittlung Ihrer pers\u00f6nlichen Daten<\/h3>\n<p>Wir geben keine pers\u00f6nlichen Daten an Dritte weiter.<\/p>\n<h3> <\/h3>\n<\/section>\n<footer id=\"colophon\"> <\/footer>\n","protected":false},"excerpt":{"rendered":"<p>Name Diese Website ist Eigentum von: Emmanuelle Lambert-WagnerSteubenstr. 4469121 Heidelberg Mail: elw@pixel2point.comWebsite: www.pixel2point.com Urheberrecht : Die gesamte Website (Bilder &#8211; Fotos und Videos, Texte, Sounds) unterliegt der deutschen und internationalen Gesetzgebung zum Urheberrecht und zum geistigen Eigentum. Aus diesem Grund sind ihre teilweisen oder vollst\u00e4ndigen Darstellungen, Vervielf\u00e4ltigungen, Verschachtelungen, Verbreitungen und Weiterverbreitungen gem\u00e4\u00df Artikel L. 122-4 [&hellip;]<\/p>\n","protected":false},"author":1,"featured_media":0,"parent":0,"menu_order":0,"comment_status":"closed","ping_status":"closed","template":"elementor_header_footer","meta":{"footnotes":""},"class_list":["post-582","page","type-page","status-publish","hentry"],"_links":{"self":[{"href":"https:\/\/dokprod.com\/de\/wp-json\/wp\/v2\/pages\/582","targetHints":{"allow":["GET"]}}],"collection":[{"href":"https:\/\/dokprod.com\/de\/wp-json\/wp\/v2\/pages"}],"about":[{"href":"https:\/\/dokprod.com\/de\/wp-json\/wp\/v2\/types\/page"}],"author":[{"embeddable":true,"href":"https:\/\/dokprod.com\/de\/wp-json\/wp\/v2\/users\/1"}],"replies":[{"embeddable":true,"href":"https:\/\/dokprod.com\/de\/wp-json\/wp\/v2\/comments?post=582"}],"version-history":[{"count":2,"href":"https:\/\/dokprod.com\/de\/wp-json\/wp\/v2\/pages\/582\/revisions"}],"predecessor-version":[{"id":765,"href":"https:\/\/dokprod.com\/de\/wp-json\/wp\/v2\/pages\/582\/revisions\/765"}],"wp:attachment":[{"href":"https:\/\/dokprod.com\/de\/wp-json\/wp\/v2\/media?parent=582"}],"curies":[{"name":"wp","href":"https:\/\/api.w.org\/{rel}","templated":true}]}}